{"id":9142,"date":"2025-05-23T10:44:41","date_gmt":"2025-05-23T08:44:41","guid":{"rendered":"https:\/\/dategro-it.de\/?page_id=9142"},"modified":"2025-10-17T12:52:38","modified_gmt":"2025-10-17T10:52:38","slug":"dategro-whitepapers-built-for-leaders-who-need-to-understand-fast","status":"publish","type":"page","link":"https:\/\/dategro-it.de\/de\/dategro-whitepapers-built-for-leaders-who-need-to-understand-fast\/","title":{"rendered":"dategro Whitepaper f\u00fcr F\u00fchrungskr\u00e4fte"},"content":{"rendered":"\t\t<div data-elementor-type=\"wp-page\" data-elementor-id=\"9142\" class=\"elementor elementor-9142\">\n\t\t\t\t<div class=\"elementor-element elementor-element-1b14f6fe e-flex e-con-boxed e-con e-parent\" data-id=\"1b14f6fe\" data-element_type=\"container\" data-settings=\"{&quot;wcf_enable_cursor_hover_effect_text&quot;:&quot;View&quot;,&quot;wcf-animation&quot;:&quot;none&quot;}\">\n\t\t\t\t\t<div class=\"e-con-inner\">\n\t\t<div class=\"elementor-element elementor-element-4f8e505a e-con-full e-flex e-con e-child\" data-id=\"4f8e505a\" data-element_type=\"container\" data-settings=\"{&quot;wcf_enable_cursor_hover_effect_text&quot;:&quot;View&quot;,&quot;wcf-animation&quot;:&quot;none&quot;}\">\n\t\t\t\t<div class=\"elementor-element elementor-element-35a5d8c8 elementor-widget__width-inherit wcf-t-animation-none elementor-widget elementor-widget-wcf--title\" data-id=\"35a5d8c8\" data-element_type=\"widget\" data-settings=\"{&quot;wcf-animation&quot;:&quot;fade&quot;,&quot;data-duration&quot;:&quot;0.75&quot;,&quot;fade-offset&quot;:&quot;40&quot;,&quot;wcf_text_animation&quot;:&quot;none&quot;,&quot;delay&quot;:0.15,&quot;fade-from&quot;:&quot;bottom&quot;,&quot;ease&quot;:&quot;power2.out&quot;}\" data-widget_type=\"wcf--title.default\">\n\t\t\t\t<div class=\"elementor-widget-container\">\n\t\t\t\t\t<h2 class=\"wcf--title\"><span class=\"highlight\">Klarheit zum Mitnehmen.<\/span><\/h2>\t\t\t\t<\/div>\n\t\t\t\t<\/div>\n\t\t\t\t<\/div>\n\t\t<div class=\"elementor-element elementor-element-4cac9aa7 e-con-full e-flex e-con e-child\" data-id=\"4cac9aa7\" data-element_type=\"container\" data-settings=\"{&quot;wcf_enable_cursor_hover_effect_text&quot;:&quot;View&quot;,&quot;wcf-animation&quot;:&quot;none&quot;}\">\n\t\t<div class=\"elementor-element elementor-element-68bdbb23 e-con-full e-flex e-con e-child\" data-id=\"68bdbb23\" data-element_type=\"container\" data-settings=\"{&quot;wcf_enable_cursor_hover_effect_text&quot;:&quot;View&quot;,&quot;wcf-animation&quot;:&quot;fade&quot;,&quot;data-duration&quot;:&quot;0.75&quot;,&quot;fade-offset&quot;:&quot;40&quot;,&quot;delay&quot;:0.15,&quot;on-scroll&quot;:1,&quot;fade-from&quot;:&quot;bottom&quot;,&quot;ease&quot;:&quot;power2.out&quot;}\">\n\t\t\t\t<\/div>\n\t\t\t\t<\/div>\n\t\t\t\t\t<\/div>\n\t\t\t\t<\/div>\n\t\t<div class=\"elementor-element elementor-element-5759653f e-flex e-con-boxed e-con e-parent\" data-id=\"5759653f\" data-element_type=\"container\" data-settings=\"{&quot;wcf_enable_cursor_hover_effect_text&quot;:&quot;View&quot;,&quot;wcf-animation&quot;:&quot;none&quot;}\">\n\t\t\t\t\t<div class=\"e-con-inner\">\n\t\t<div class=\"elementor-element elementor-element-34709a41 e-con-full e-flex e-con e-child\" data-id=\"34709a41\" data-element_type=\"container\" data-settings=\"{&quot;wcf_enable_cursor_hover_effect_text&quot;:&quot;View&quot;,&quot;wcf-animation&quot;:&quot;none&quot;}\">\n\t\t\t\t<div class=\"elementor-element elementor-element-29445a99 elementor-widget__width-initial elementor-widget-mobile_extra__width-inherit wcf-t-animation-none elementor-widget elementor-widget-wcf--title\" data-id=\"29445a99\" data-element_type=\"widget\" data-settings=\"{&quot;wcf-animation&quot;:&quot;fade&quot;,&quot;on-scroll&quot;:&quot;1&quot;,&quot;data-duration&quot;:&quot;0.75&quot;,&quot;fade-offset&quot;:&quot;40&quot;,&quot;wcf_text_animation&quot;:&quot;none&quot;,&quot;delay&quot;:0.15,&quot;fade-from&quot;:&quot;bottom&quot;,&quot;ease&quot;:&quot;power2.out&quot;}\" data-widget_type=\"wcf--title.default\">\n\t\t\t\t<div class=\"elementor-widget-container\">\n\t\t\t\t\t<h2 class=\"wcf--title\">Unsere Whitepaper richten sich an F\u00fchrungskr\u00e4fte, die schnell verstehen und noch schneller handeln m\u00fcssen. Jedes Whitepaper durchdringt die Komplexit\u00e4t und liefert praktische Einblicke in Vertriebsleistung, IT-Due-Diligence und Transformation.\n\nKeine Floskeln. Keine Fachsprache. Nur die \u00dcberlegungen hinter den Ergebnissen, die wir liefern.\n<br \/><br \/>\n\nKeine Floskeln. Keine Fachsprache. Nur die \u00dcberlegungen hinter den Ergebnissen, die wir liefern.\n<\/h2>\t\t\t\t<\/div>\n\t\t\t\t<\/div>\n\t\t\t\t<\/div>\n\t\t<div class=\"elementor-element elementor-element-1ae36fbe e-con-full e-flex e-con e-child\" data-id=\"1ae36fbe\" data-element_type=\"container\" data-settings=\"{&quot;wcf_enable_cursor_hover_effect_text&quot;:&quot;View&quot;,&quot;wcf-animation&quot;:&quot;none&quot;}\">\n\t\t<div class=\"elementor-element elementor-element-1139144 e-con-full e-flex e-con e-child\" data-id=\"1139144\" data-element_type=\"container\" data-settings=\"{&quot;wcf_enable_cursor_hover_effect_text&quot;:&quot;View&quot;,&quot;wcf-animation&quot;:&quot;none&quot;}\">\n\t\t<div class=\"elementor-element elementor-element-fa5bdbe e-con-full e-flex e-con e-child\" data-id=\"fa5bdbe\" data-element_type=\"container\" data-settings=\"{&quot;wcf_enable_cursor_hover_effect_text&quot;:&quot;View&quot;,&quot;wcf-animation&quot;:&quot;none&quot;}\">\n\t\t\t\t<div class=\"elementor-element elementor-element-d68633d elementor-widget elementor-widget-image\" data-id=\"d68633d\" data-element_type=\"widget\" data-settings=\"{&quot;wcf-image-animation&quot;:&quot;none&quot;,&quot;wcf-animation&quot;:&quot;none&quot;}\" data-widget_type=\"image.default\">\n\t\t\t\t<div class=\"elementor-widget-container\">\n\t\t\t\t\t\t\t\t\t\t\t\t\t\t\t\t<a href=\"https:\/\/dategro-it.de\/dategro-whitepapers\/whitepaper-ma-technical-due-diligence-checklist\/\">\n\t\t\t\t\t\t\t<img fetchpriority=\"high\" decoding=\"async\" width=\"724\" height=\"1024\" src=\"https:\/\/dategro-it.de\/de\/wp-content\/uploads\/sites\/3\/2025\/05\/MA-TECHNICAL-DUE-DILIGENCE-CHECKLIST-724x1024.png\" class=\"attachment-large size-large wp-image-9118\" alt=\"\" srcset=\"https:\/\/dategro-it.de\/de\/wp-content\/uploads\/sites\/3\/2025\/05\/MA-TECHNICAL-DUE-DILIGENCE-CHECKLIST-724x1024.png 724w, https:\/\/dategro-it.de\/de\/wp-content\/uploads\/sites\/3\/2025\/05\/MA-TECHNICAL-DUE-DILIGENCE-CHECKLIST-212x300.png 212w, https:\/\/dategro-it.de\/de\/wp-content\/uploads\/sites\/3\/2025\/05\/MA-TECHNICAL-DUE-DILIGENCE-CHECKLIST-768x1086.png 768w, https:\/\/dategro-it.de\/de\/wp-content\/uploads\/sites\/3\/2025\/05\/MA-TECHNICAL-DUE-DILIGENCE-CHECKLIST-1086x1536.png 1086w, https:\/\/dategro-it.de\/de\/wp-content\/uploads\/sites\/3\/2025\/05\/MA-TECHNICAL-DUE-DILIGENCE-CHECKLIST.png 1414w\" sizes=\"(max-width: 724px) 100vw, 724px\" \/>\t\t\t\t\t\t\t\t<\/a>\n\t\t\t\t\t\t\t\t\t\t\t\t\t\t\t<\/div>\n\t\t\t\t<\/div>\n\t\t\t\t<div class=\"elementor-element elementor-element-0511249 wcf-t-animation-none elementor-widget elementor-widget-text-editor\" data-id=\"0511249\" data-element_type=\"widget\" data-settings=\"{&quot;wcf_text_animation&quot;:&quot;none&quot;,&quot;wcf-animation&quot;:&quot;none&quot;}\" data-widget_type=\"text-editor.default\">\n\t\t\t\t<div class=\"elementor-widget-container\">\n\t\t\t\t\t\t\t\t\t<p><strong><a class=\"row-title\" href=\"https:\/\/dategro-it.de\/dategro-whitepapers\/whitepaper-ma-technical-due-diligence-checklist\/\" aria-label=\"\u201eWhitepaper M&amp;A TECHNICAL DUE DILIGENCE CHECKLIST\u201c (Bearbeiten)\">M&amp;A TECHNISCHE DUE DILIGENCE CHECKLISTE<\/a>\u00a0<\/strong><\/p>\t\t\t\t\t\t\t\t<\/div>\n\t\t\t\t<\/div>\n\t\t\t\t<\/div>\n\t\t<div class=\"elementor-element elementor-element-633e07b e-con-full e-flex e-con e-child\" data-id=\"633e07b\" data-element_type=\"container\" data-settings=\"{&quot;wcf_enable_cursor_hover_effect_text&quot;:&quot;View&quot;,&quot;wcf-animation&quot;:&quot;none&quot;}\">\n\t\t\t\t<div class=\"elementor-element elementor-element-d8bca1a elementor-widget elementor-widget-image\" data-id=\"d8bca1a\" data-element_type=\"widget\" data-settings=\"{&quot;wcf-image-animation&quot;:&quot;none&quot;,&quot;wcf-animation&quot;:&quot;none&quot;}\" data-widget_type=\"image.default\">\n\t\t\t\t<div class=\"elementor-widget-container\">\n\t\t\t\t\t\t\t\t\t\t\t\t\t\t\t\t<a href=\"https:\/\/dategro-it.de\/dategro-whitepapers\/whitepaper-traditional-vs-ai-assisted-it-due-diligence\/\">\n\t\t\t\t\t\t\t<img decoding=\"async\" width=\"724\" height=\"1024\" src=\"https:\/\/dategro-it.de\/de\/wp-content\/uploads\/sites\/3\/2025\/05\/TRADITIONAL-VS.-AI-ASSISTED-IT-DUE-DILIGENCE-724x1024.png\" class=\"attachment-large size-large wp-image-9136\" alt=\"Whitepaper Cover Traditional vs ai assisted it due dilligence\" srcset=\"https:\/\/dategro-it.de\/de\/wp-content\/uploads\/sites\/3\/2025\/05\/TRADITIONAL-VS.-AI-ASSISTED-IT-DUE-DILIGENCE-724x1024.png 724w, https:\/\/dategro-it.de\/de\/wp-content\/uploads\/sites\/3\/2025\/05\/TRADITIONAL-VS.-AI-ASSISTED-IT-DUE-DILIGENCE-212x300.png 212w, https:\/\/dategro-it.de\/de\/wp-content\/uploads\/sites\/3\/2025\/05\/TRADITIONAL-VS.-AI-ASSISTED-IT-DUE-DILIGENCE-768x1086.png 768w, https:\/\/dategro-it.de\/de\/wp-content\/uploads\/sites\/3\/2025\/05\/TRADITIONAL-VS.-AI-ASSISTED-IT-DUE-DILIGENCE-1086x1536.png 1086w, https:\/\/dategro-it.de\/de\/wp-content\/uploads\/sites\/3\/2025\/05\/TRADITIONAL-VS.-AI-ASSISTED-IT-DUE-DILIGENCE.png 1414w\" sizes=\"(max-width: 724px) 100vw, 724px\" \/>\t\t\t\t\t\t\t\t<\/a>\n\t\t\t\t\t\t\t\t\t\t\t\t\t\t\t<\/div>\n\t\t\t\t<\/div>\n\t\t\t\t<div class=\"elementor-element elementor-element-8fc98b5 wcf-t-animation-none elementor-widget elementor-widget-text-editor\" data-id=\"8fc98b5\" data-element_type=\"widget\" data-settings=\"{&quot;wcf_text_animation&quot;:&quot;none&quot;,&quot;wcf-animation&quot;:&quot;none&quot;}\" data-widget_type=\"text-editor.default\">\n\t\t\t\t<div class=\"elementor-widget-container\">\n\t\t\t\t\t\t\t\t\t<p><a class=\"row-title\" href=\"https:\/\/dategro-it.de\/dategro-whitepapers\/whitepaper-traditional-vs-ai-assisted-it-due-diligence\/\" aria-label=\"\u201eWhitepaper TRADITIONAL VS. AI-ASSISTED IT DUE DILIGENCE\u201c (Bearbeiten)\"><strong>TRADITIONELLE VS. KI-UNTERST\u00dcTZTE IT DUE DILIGENCE<\/strong><\/a><\/p>\t\t\t\t\t\t\t\t<\/div>\n\t\t\t\t<\/div>\n\t\t\t\t<\/div>\n\t\t<div class=\"elementor-element elementor-element-e4102e9 e-con-full e-flex e-con e-child\" data-id=\"e4102e9\" data-element_type=\"container\" data-settings=\"{&quot;wcf_enable_cursor_hover_effect_text&quot;:&quot;View&quot;,&quot;wcf-animation&quot;:&quot;none&quot;}\">\n\t\t\t\t<div class=\"elementor-element elementor-element-4ec934d elementor-widget elementor-widget-image\" data-id=\"4ec934d\" data-element_type=\"widget\" data-settings=\"{&quot;wcf-image-animation&quot;:&quot;none&quot;,&quot;wcf-animation&quot;:&quot;none&quot;}\" data-widget_type=\"image.default\">\n\t\t\t\t<div class=\"elementor-widget-container\">\n\t\t\t\t\t\t\t\t\t\t\t\t\t\t\t\t<a href=\"https:\/\/dategro-it.de\/de\/dategro-whitepapers-built-for-leaders-who-need-to-understand-fast\/ai-readiness-program\/\">\n\t\t\t\t\t\t\t<img decoding=\"async\" width=\"728\" height=\"1024\" src=\"https:\/\/dategro-it.de\/de\/wp-content\/uploads\/sites\/3\/2025\/10\/aireadinessprogrammthumbnail-728x1024.webp\" class=\"attachment-large size-large wp-image-10132 not-transparent\" alt=\"\" srcset=\"https:\/\/dategro-it.de\/de\/wp-content\/uploads\/sites\/3\/2025\/10\/aireadinessprogrammthumbnail-728x1024.webp 728w, https:\/\/dategro-it.de\/de\/wp-content\/uploads\/sites\/3\/2025\/10\/aireadinessprogrammthumbnail-213x300.webp 213w, https:\/\/dategro-it.de\/de\/wp-content\/uploads\/sites\/3\/2025\/10\/aireadinessprogrammthumbnail.webp 768w\" sizes=\"(max-width: 728px) 100vw, 728px\" data-has-transparency=\"false\" data-dominant-color=\"9ca2a7\" style=\"--dominant-color: #9ca2a7\" \/>\t\t\t\t\t\t\t\t<\/a>\n\t\t\t\t\t\t\t\t\t\t\t\t\t\t\t<\/div>\n\t\t\t\t<\/div>\n\t\t\t\t<div class=\"elementor-element elementor-element-799ddd4 wcf-t-animation-none elementor-widget elementor-widget-text-editor\" data-id=\"799ddd4\" data-element_type=\"widget\" data-settings=\"{&quot;wcf_text_animation&quot;:&quot;none&quot;,&quot;wcf-animation&quot;:&quot;none&quot;}\" data-widget_type=\"text-editor.default\">\n\t\t\t\t<div class=\"elementor-widget-container\">\n\t\t\t\t\t\t\t\t\t<p><a href=\"https:\/\/dategro-it.de\/de\/dategro-whitepapers-built-for-leaders-who-need-to-understand-fast\/ai-readiness-program\/\"><strong>AI READINESS PROGRAMM<\/strong><\/a><\/p>\t\t\t\t\t\t\t\t<\/div>\n\t\t\t\t<\/div>\n\t\t\t\t<\/div>\n\t\t\t\t<\/div>\n\t\t\t\t<\/div>\n\t\t\t\t\t<\/div>\n\t\t\t\t<\/div>\n\t\t\t\t<\/div>\n\t\t","protected":false},"excerpt":{"rendered":"<p>Klarheit zum Mitnehmen. Unsere Whitepaper richten sich an F\u00fchrungskr\u00e4fte, die schnell verstehen und noch schneller handeln m\u00fcssen. Jedes Whitepaper durchdringt die Komplexit\u00e4t und liefert praktische Einblicke in Vertriebsleistung, IT-Due-Diligence und Transformation. Keine Floskeln. Keine Fachsprache. Nur die \u00dcberlegungen hinter den Ergebnissen, die wir liefern. Keine Floskeln. Keine Fachsprache. Nur die \u00dcberlegungen hinter den Ergebnissen, die [&hellip;]<\/p>\n","protected":false},"author":1,"featured_media":0,"parent":0,"menu_order":0,"comment_status":"closed","ping_status":"closed","template":"elementor_header_footer","meta":{"footnotes":""},"class_list":["post-9142","page","type-page","status-publish","hentry"],"yoast_head":"<!-- This site is optimized with the Yoast SEO plugin v26.4 - https:\/\/yoast.com\/wordpress\/plugins\/seo\/ -->\n<title>dategro Whitepaper f\u00fcr F\u00fchrungskr\u00e4fte - dategro-it de<\/title>\n<meta name=\"description\" content=\"Our whitepapers are built for leaders who need to understand fast \u2014 and act faster.Each one cuts through complexity to deliver practical insight on sales performance, IT due diligence, and transformation that actually sticks. No fluff. No jargon. Just the thinking behind the outcomes we deliver\" \/>\n<meta name=\"robots\" content=\"index, follow, max-snippet:-1, max-image-preview:large, max-video-preview:-1\" \/>\n<link rel=\"canonical\" href=\"https:\/\/dategro-it.de\/de\/dategro-whitepapers-built-for-leaders-who-need-to-understand-fast\/\" \/>\n<meta property=\"og:locale\" content=\"de_DE\" \/>\n<meta property=\"og:type\" content=\"article\" \/>\n<meta property=\"og:title\" content=\"dategro Whitepaper f\u00fcr F\u00fchrungskr\u00e4fte - dategro-it de\" \/>\n<meta property=\"og:description\" content=\"Our whitepapers are built for leaders who need to understand fast \u2014 and act faster.Each one cuts through complexity to deliver practical insight on sales performance, IT due diligence, and transformation that actually sticks. No fluff. No jargon. Just the thinking behind the outcomes we deliver\" \/>\n<meta property=\"og:url\" content=\"https:\/\/dategro-it.de\/de\/dategro-whitepapers-built-for-leaders-who-need-to-understand-fast\/\" \/>\n<meta property=\"og:site_name\" content=\"dategro-it de\" \/>\n<meta property=\"article:modified_time\" content=\"2025-10-17T10:52:38+00:00\" \/>\n<meta property=\"og:image\" content=\"https:\/\/dategro-it.de\/de\/wp-content\/uploads\/sites\/3\/2025\/05\/MA-TECHNICAL-DUE-DILIGENCE-CHECKLIST-724x1024.png\" \/>\n\t<meta property=\"og:image:width\" content=\"724\" \/>\n\t<meta property=\"og:image:height\" content=\"1024\" \/>\n\t<meta property=\"og:image:type\" content=\"image\/png\" \/>\n<meta name=\"twitter:card\" content=\"summary_large_image\" \/>\n<meta name=\"twitter:label1\" content=\"Gesch\u00e4tzte Lesezeit\" \/>\n\t<meta name=\"twitter:data1\" content=\"1\u00a0Minute\" \/>\n<script type=\"application\/ld+json\" class=\"yoast-schema-graph\">{\"@context\":\"https:\/\/schema.org\",\"@graph\":[{\"@type\":\"WebPage\",\"@id\":\"https:\/\/dategro-it.de\/de\/dategro-whitepapers-built-for-leaders-who-need-to-understand-fast\/\",\"url\":\"https:\/\/dategro-it.de\/de\/dategro-whitepapers-built-for-leaders-who-need-to-understand-fast\/\",\"name\":\"dategro Whitepaper f\u00fcr F\u00fchrungskr\u00e4fte - dategro-it de\",\"isPartOf\":{\"@id\":\"https:\/\/dategro-it.de\/de\/#website\"},\"primaryImageOfPage\":{\"@id\":\"https:\/\/dategro-it.de\/de\/dategro-whitepapers-built-for-leaders-who-need-to-understand-fast\/#primaryimage\"},\"image\":{\"@id\":\"https:\/\/dategro-it.de\/de\/dategro-whitepapers-built-for-leaders-who-need-to-understand-fast\/#primaryimage\"},\"thumbnailUrl\":\"https:\/\/dategro-it.de\/de\/wp-content\/uploads\/sites\/3\/2025\/05\/MA-TECHNICAL-DUE-DILIGENCE-CHECKLIST-724x1024.png\",\"datePublished\":\"2025-05-23T08:44:41+00:00\",\"dateModified\":\"2025-10-17T10:52:38+00:00\",\"description\":\"Our whitepapers are built for leaders who need to understand fast \u2014 and act faster.Each one cuts through complexity to deliver practical insight on sales performance, IT due diligence, and transformation that actually sticks. No fluff. No jargon. Just the thinking behind the outcomes we deliver\",\"breadcrumb\":{\"@id\":\"https:\/\/dategro-it.de\/de\/dategro-whitepapers-built-for-leaders-who-need-to-understand-fast\/#breadcrumb\"},\"inLanguage\":\"de\",\"potentialAction\":[{\"@type\":\"ReadAction\",\"target\":[\"https:\/\/dategro-it.de\/de\/dategro-whitepapers-built-for-leaders-who-need-to-understand-fast\/\"]}]},{\"@type\":\"ImageObject\",\"inLanguage\":\"de\",\"@id\":\"https:\/\/dategro-it.de\/de\/dategro-whitepapers-built-for-leaders-who-need-to-understand-fast\/#primaryimage\",\"url\":\"https:\/\/dategro-it.de\/de\/wp-content\/uploads\/sites\/3\/2025\/05\/MA-TECHNICAL-DUE-DILIGENCE-CHECKLIST.png\",\"contentUrl\":\"https:\/\/dategro-it.de\/de\/wp-content\/uploads\/sites\/3\/2025\/05\/MA-TECHNICAL-DUE-DILIGENCE-CHECKLIST.png\",\"width\":1414,\"height\":2000},{\"@type\":\"BreadcrumbList\",\"@id\":\"https:\/\/dategro-it.de\/de\/dategro-whitepapers-built-for-leaders-who-need-to-understand-fast\/#breadcrumb\",\"itemListElement\":[{\"@type\":\"ListItem\",\"position\":1,\"name\":\"Home\",\"item\":\"https:\/\/dategro-it.de\/de\/\"},{\"@type\":\"ListItem\",\"position\":2,\"name\":\"dategro Whitepaper f\u00fcr F\u00fchrungskr\u00e4fte\"}]},{\"@type\":\"WebSite\",\"@id\":\"https:\/\/dategro-it.de\/de\/#website\",\"url\":\"https:\/\/dategro-it.de\/de\/\",\"name\":\"dategro-it de\",\"description\":\"Smart IT Transformations for industrial leaders, investors and IT decision makers\",\"publisher\":{\"@id\":\"https:\/\/dategro-it.de\/de\/#organization\"},\"potentialAction\":[{\"@type\":\"SearchAction\",\"target\":{\"@type\":\"EntryPoint\",\"urlTemplate\":\"https:\/\/dategro-it.de\/de\/?s={search_term_string}\"},\"query-input\":{\"@type\":\"PropertyValueSpecification\",\"valueRequired\":true,\"valueName\":\"search_term_string\"}}],\"inLanguage\":\"de\"},{\"@type\":\"Organization\",\"@id\":\"https:\/\/dategro-it.de\/de\/#organization\",\"name\":\"dategro-it de\",\"url\":\"https:\/\/dategro-it.de\/de\/\",\"logo\":{\"@type\":\"ImageObject\",\"inLanguage\":\"de\",\"@id\":\"https:\/\/dategro-it.de\/de\/#\/schema\/logo\/image\/\",\"url\":\"https:\/\/dategro-it.de\/de\/wp-content\/uploads\/sites\/3\/2025\/04\/Dategro-Logo-RGB.svg\",\"contentUrl\":\"https:\/\/dategro-it.de\/de\/wp-content\/uploads\/sites\/3\/2025\/04\/Dategro-Logo-RGB.svg\",\"width\":1000,\"height\":176,\"caption\":\"dategro-it de\"},\"image\":{\"@id\":\"https:\/\/dategro-it.de\/de\/#\/schema\/logo\/image\/\"}}]}<\/script>\n<!-- \/ Yoast SEO plugin. -->","yoast_head_json":{"title":"dategro Whitepaper f\u00fcr F\u00fchrungskr\u00e4fte - dategro-it de","description":"Our whitepapers are built for leaders who need to understand fast \u2014 and act faster.Each one cuts through complexity to deliver practical insight on sales performance, IT due diligence, and transformation that actually sticks. No fluff. No jargon. Just the thinking behind the outcomes we deliver","robots":{"index":"index","follow":"follow","max-snippet":"max-snippet:-1","max-image-preview":"max-image-preview:large","max-video-preview":"max-video-preview:-1"},"canonical":"https:\/\/dategro-it.de\/de\/dategro-whitepapers-built-for-leaders-who-need-to-understand-fast\/","og_locale":"de_DE","og_type":"article","og_title":"dategro Whitepaper f\u00fcr F\u00fchrungskr\u00e4fte - dategro-it de","og_description":"Our whitepapers are built for leaders who need to understand fast \u2014 and act faster.Each one cuts through complexity to deliver practical insight on sales performance, IT due diligence, and transformation that actually sticks. No fluff. No jargon. Just the thinking behind the outcomes we deliver","og_url":"https:\/\/dategro-it.de\/de\/dategro-whitepapers-built-for-leaders-who-need-to-understand-fast\/","og_site_name":"dategro-it de","article_modified_time":"2025-10-17T10:52:38+00:00","og_image":[{"width":724,"height":1024,"url":"https:\/\/dategro-it.de\/de\/wp-content\/uploads\/sites\/3\/2025\/05\/MA-TECHNICAL-DUE-DILIGENCE-CHECKLIST-724x1024.png","type":"image\/png"}],"twitter_card":"summary_large_image","twitter_misc":{"Gesch\u00e4tzte Lesezeit":"1\u00a0Minute"},"schema":{"@context":"https:\/\/schema.org","@graph":[{"@type":"WebPage","@id":"https:\/\/dategro-it.de\/de\/dategro-whitepapers-built-for-leaders-who-need-to-understand-fast\/","url":"https:\/\/dategro-it.de\/de\/dategro-whitepapers-built-for-leaders-who-need-to-understand-fast\/","name":"dategro Whitepaper f\u00fcr F\u00fchrungskr\u00e4fte - dategro-it de","isPartOf":{"@id":"https:\/\/dategro-it.de\/de\/#website"},"primaryImageOfPage":{"@id":"https:\/\/dategro-it.de\/de\/dategro-whitepapers-built-for-leaders-who-need-to-understand-fast\/#primaryimage"},"image":{"@id":"https:\/\/dategro-it.de\/de\/dategro-whitepapers-built-for-leaders-who-need-to-understand-fast\/#primaryimage"},"thumbnailUrl":"https:\/\/dategro-it.de\/de\/wp-content\/uploads\/sites\/3\/2025\/05\/MA-TECHNICAL-DUE-DILIGENCE-CHECKLIST-724x1024.png","datePublished":"2025-05-23T08:44:41+00:00","dateModified":"2025-10-17T10:52:38+00:00","description":"Our whitepapers are built for leaders who need to understand fast \u2014 and act faster.Each one cuts through complexity to deliver practical insight on sales performance, IT due diligence, and transformation that actually sticks. No fluff. No jargon. Just the thinking behind the outcomes we deliver","breadcrumb":{"@id":"https:\/\/dategro-it.de\/de\/dategro-whitepapers-built-for-leaders-who-need-to-understand-fast\/#breadcrumb"},"inLanguage":"de","potentialAction":[{"@type":"ReadAction","target":["https:\/\/dategro-it.de\/de\/dategro-whitepapers-built-for-leaders-who-need-to-understand-fast\/"]}]},{"@type":"ImageObject","inLanguage":"de","@id":"https:\/\/dategro-it.de\/de\/dategro-whitepapers-built-for-leaders-who-need-to-understand-fast\/#primaryimage","url":"https:\/\/dategro-it.de\/de\/wp-content\/uploads\/sites\/3\/2025\/05\/MA-TECHNICAL-DUE-DILIGENCE-CHECKLIST.png","contentUrl":"https:\/\/dategro-it.de\/de\/wp-content\/uploads\/sites\/3\/2025\/05\/MA-TECHNICAL-DUE-DILIGENCE-CHECKLIST.png","width":1414,"height":2000},{"@type":"BreadcrumbList","@id":"https:\/\/dategro-it.de\/de\/dategro-whitepapers-built-for-leaders-who-need-to-understand-fast\/#breadcrumb","itemListElement":[{"@type":"ListItem","position":1,"name":"Home","item":"https:\/\/dategro-it.de\/de\/"},{"@type":"ListItem","position":2,"name":"dategro Whitepaper f\u00fcr F\u00fchrungskr\u00e4fte"}]},{"@type":"WebSite","@id":"https:\/\/dategro-it.de\/de\/#website","url":"https:\/\/dategro-it.de\/de\/","name":"dategro-it de","description":"Smart IT Transformations for industrial leaders, investors and IT decision makers","publisher":{"@id":"https:\/\/dategro-it.de\/de\/#organization"},"potentialAction":[{"@type":"SearchAction","target":{"@type":"EntryPoint","urlTemplate":"https:\/\/dategro-it.de\/de\/?s={search_term_string}"},"query-input":{"@type":"PropertyValueSpecification","valueRequired":true,"valueName":"search_term_string"}}],"inLanguage":"de"},{"@type":"Organization","@id":"https:\/\/dategro-it.de\/de\/#organization","name":"dategro-it de","url":"https:\/\/dategro-it.de\/de\/","logo":{"@type":"ImageObject","inLanguage":"de","@id":"https:\/\/dategro-it.de\/de\/#\/schema\/logo\/image\/","url":"https:\/\/dategro-it.de\/de\/wp-content\/uploads\/sites\/3\/2025\/04\/Dategro-Logo-RGB.svg","contentUrl":"https:\/\/dategro-it.de\/de\/wp-content\/uploads\/sites\/3\/2025\/04\/Dategro-Logo-RGB.svg","width":1000,"height":176,"caption":"dategro-it de"},"image":{"@id":"https:\/\/dategro-it.de\/de\/#\/schema\/logo\/image\/"}}]}},"_links":{"self":[{"href":"https:\/\/dategro-it.de\/de\/wp-json\/wp\/v2\/pages\/9142","targetHints":{"allow":["GET"]}}],"collection":[{"href":"https:\/\/dategro-it.de\/de\/wp-json\/wp\/v2\/pages"}],"about":[{"href":"https:\/\/dategro-it.de\/de\/wp-json\/wp\/v2\/types\/page"}],"author":[{"embeddable":true,"href":"https:\/\/dategro-it.de\/de\/wp-json\/wp\/v2\/users\/1"}],"replies":[{"embeddable":true,"href":"https:\/\/dategro-it.de\/de\/wp-json\/wp\/v2\/comments?post=9142"}],"version-history":[{"count":32,"href":"https:\/\/dategro-it.de\/de\/wp-json\/wp\/v2\/pages\/9142\/revisions"}],"predecessor-version":[{"id":10190,"href":"https:\/\/dategro-it.de\/de\/wp-json\/wp\/v2\/pages\/9142\/revisions\/10190"}],"wp:attachment":[{"href":"https:\/\/dategro-it.de\/de\/wp-json\/wp\/v2\/media?parent=9142"}],"curies":[{"name":"wp","href":"https:\/\/api.w.org\/{rel}","templated":true}]}}