{"id":8561,"date":"2025-05-15T10:03:01","date_gmt":"2025-05-15T08:03:01","guid":{"rendered":"https:\/\/dategro-it.de\/?page_id=8561"},"modified":"2025-10-16T09:31:22","modified_gmt":"2025-10-16T07:31:22","slug":"kontakt","status":"publish","type":"page","link":"https:\/\/dategro-it.de\/de\/kontakt\/","title":{"rendered":"Kontakt"},"content":{"rendered":"\t\t<div data-elementor-type=\"wp-page\" data-elementor-id=\"8561\" class=\"elementor elementor-8561\">\n\t\t\t\t<div class=\"elementor-element elementor-element-28e1089a e-flex e-con-boxed e-con e-parent\" data-id=\"28e1089a\" data-element_type=\"container\" data-settings=\"{&quot;wcf_enable_cursor_hover_effect_text&quot;:&quot;View&quot;,&quot;wcf-animation&quot;:&quot;none&quot;}\">\n\t\t\t\t\t<div class=\"e-con-inner\">\n\t\t<div class=\"elementor-element elementor-element-3039f6cd e-con-full e-flex e-con e-child\" data-id=\"3039f6cd\" data-element_type=\"container\" data-settings=\"{&quot;wcf_enable_cursor_hover_effect_text&quot;:&quot;View&quot;,&quot;wcf-animation&quot;:&quot;none&quot;}\">\n\t\t\t\t<div class=\"elementor-element elementor-element-a841bde elementor-widget__width-inherit wcf-t-animation-none elementor-widget elementor-widget-wcf--title\" data-id=\"a841bde\" data-element_type=\"widget\" data-settings=\"{&quot;wcf-animation&quot;:&quot;fade&quot;,&quot;data-duration&quot;:&quot;0.75&quot;,&quot;fade-offset&quot;:&quot;40&quot;,&quot;wcf_text_animation&quot;:&quot;none&quot;,&quot;delay&quot;:0.15,&quot;fade-from&quot;:&quot;bottom&quot;,&quot;ease&quot;:&quot;power2.out&quot;}\" data-widget_type=\"wcf--title.default\">\n\t\t\t\t<div class=\"elementor-widget-container\">\n\t\t\t\t\t<h2 class=\"wcf--title\"><span class=\"highlight\">Lassen Sie uns \u00fcber das Wesentliche sprechen<\/span><\/h2>\t\t\t\t<\/div>\n\t\t\t\t<\/div>\n\t\t\t\t<\/div>\n\t\t<div class=\"elementor-element elementor-element-700f6969 e-con-full e-flex e-con e-child\" data-id=\"700f6969\" data-element_type=\"container\" data-settings=\"{&quot;wcf_enable_cursor_hover_effect_text&quot;:&quot;View&quot;,&quot;wcf-animation&quot;:&quot;none&quot;}\">\n\t\t<div class=\"elementor-element elementor-element-3dc06c29 e-con-full e-flex e-con e-child\" data-id=\"3dc06c29\" data-element_type=\"container\" data-settings=\"{&quot;wcf_enable_cursor_hover_effect_text&quot;:&quot;View&quot;,&quot;wcf-animation&quot;:&quot;fade&quot;,&quot;data-duration&quot;:&quot;0.75&quot;,&quot;fade-offset&quot;:&quot;40&quot;,&quot;delay&quot;:0.15,&quot;on-scroll&quot;:1,&quot;fade-from&quot;:&quot;bottom&quot;,&quot;ease&quot;:&quot;power2.out&quot;}\">\n\t\t\t\t<\/div>\n\t\t\t\t<\/div>\n\t\t\t\t\t<\/div>\n\t\t\t\t<\/div>\n\t\t<div class=\"elementor-element elementor-element-2c888c80 e-flex e-con-boxed e-con e-parent\" data-id=\"2c888c80\" data-element_type=\"container\" data-settings=\"{&quot;wcf_enable_cursor_hover_effect_text&quot;:&quot;View&quot;,&quot;wcf-animation&quot;:&quot;none&quot;}\">\n\t\t\t\t\t<div class=\"e-con-inner\">\n\t\t<div class=\"elementor-element elementor-element-5d576850 e-con-full e-flex e-con e-child\" data-id=\"5d576850\" data-element_type=\"container\" data-settings=\"{&quot;wcf_enable_cursor_hover_effect_text&quot;:&quot;View&quot;,&quot;wcf-animation&quot;:&quot;none&quot;}\">\n\t\t\t\t<div class=\"elementor-element elementor-element-3dfdeb2e elementor-widget__width-initial elementor-widget-mobile_extra__width-inherit wcf-t-animation-none elementor-widget elementor-widget-wcf--title\" data-id=\"3dfdeb2e\" data-element_type=\"widget\" data-settings=\"{&quot;wcf-animation&quot;:&quot;fade&quot;,&quot;on-scroll&quot;:&quot;1&quot;,&quot;data-duration&quot;:&quot;0.75&quot;,&quot;fade-offset&quot;:&quot;40&quot;,&quot;wcf_text_animation&quot;:&quot;none&quot;,&quot;delay&quot;:0.15,&quot;fade-from&quot;:&quot;bottom&quot;,&quot;ease&quot;:&quot;power2.out&quot;}\" data-widget_type=\"wcf--title.default\">\n\t\t\t\t<div class=\"elementor-widget-container\">\n\t\t\t\t\t<h2 class=\"wcf--title\">Ganz gleich, ob Sie mit fragmentierten Systemen konfrontiert sind, eine \u00dcbernahme vorbereiten oder einfach nur Klarheit vor Ihrem n\u00e4chsten Schritt ben\u00f6tigen \u2013 wir helfen Ihnen dabei, die richtigen Entscheidungen zu treffen, nicht nur schnelle.<br><br>\n\nKeine Verkaufsgespr\u00e4che. Keine Plattformwerbung. Nur ein Gespr\u00e4ch, das sich an Ihren Zielen orientiert.<\/h2>\t\t\t\t<\/div>\n\t\t\t\t<\/div>\n\t\t\t\t<div class=\"elementor-element elementor-element-0f9e501 elementor-widget elementor-widget-wcf--button\" data-id=\"0f9e501\" data-element_type=\"widget\" data-settings=\"{&quot;wcf-animation&quot;:&quot;none&quot;}\" data-widget_type=\"wcf--button.default\">\n\t\t\t\t<div class=\"elementor-widget-container\">\n\t\t\t\t\t        <div class=\"wcf__btn\">\r\n\t\t\t                <a href=\"https:\/\/outlook.office.com\/book\/Bookameeting2@dategro-it.de\/\" target=\"_blank\" rel=\"nofollow\" class=\"wcf-btn-default btn-hover-none\">\r\n\t\t\t\t\t\t\t\t\t\tVereinbaren Sie ein Gespr\u00e4ch                <\/a>\r\n\t\t\t\t        <\/div>\r\n\t\t\t\t\t\t<\/div>\n\t\t\t\t<\/div>\n\t\t\t\t<\/div>\n\t\t<div class=\"elementor-element elementor-element-65a68b12 e-con-full e-flex e-con e-child\" data-id=\"65a68b12\" data-element_type=\"container\" data-settings=\"{&quot;wcf_enable_cursor_hover_effect_text&quot;:&quot;View&quot;,&quot;wcf-animation&quot;:&quot;none&quot;}\">\n\t\t\t\t<div class=\"elementor-element elementor-element-03a31a0 icon-position-before elementor-widget elementor-widget-wcf--contact-form-7\" data-id=\"03a31a0\" data-element_type=\"widget\" data-settings=\"{&quot;wcf-animation&quot;:&quot;none&quot;}\" data-widget_type=\"wcf--contact-form-7.default\">\n\t\t\t\t<div class=\"elementor-widget-container\">\n\t\t\t\t\t            <style>\r\n               .wcf--form-wrapper form label {\r\n                   display: block;\r\n               }\r\n            <\/style>\r\n\t\t<div class=\"wcf--form-wrapper\" btn-hover=\"btn-hover-none\" >\r\n\t\t\t\n<div class=\"wpcf7 no-js\" id=\"wpcf7-f10039-o1\" lang=\"de-DE\" dir=\"ltr\" data-wpcf7-id=\"10039\">\n<div class=\"screen-reader-response\"><p role=\"status\" aria-live=\"polite\" aria-atomic=\"true\"><\/p> <ul><\/ul><\/div>\n<form action=\"\/de\/wp-json\/wp\/v2\/pages\/8561#wpcf7-f10039-o1\" method=\"post\" class=\"wpcf7-form init\" aria-label=\"Kontaktformular\" novalidate=\"novalidate\" data-status=\"init\">\n<div style=\"display: none;\">\n<input type=\"hidden\" name=\"_wpcf7\" value=\"10039\" \/>\n<input type=\"hidden\" name=\"_wpcf7_version\" value=\"6.0.6\" \/>\n<input type=\"hidden\" name=\"_wpcf7_locale\" value=\"de_DE\" \/>\n<input type=\"hidden\" name=\"_wpcf7_unit_tag\" value=\"wpcf7-f10039-o1\" \/>\n<input type=\"hidden\" name=\"_wpcf7_container_post\" value=\"0\" \/>\n<input type=\"hidden\" name=\"_wpcf7_posted_data_hash\" value=\"\" \/>\n<\/div>\n<p><label> Ihr Name<br \/>\n<span class=\"wpcf7-form-control-wrap\" data-name=\"your-name\"><input size=\"40\" maxlength=\"400\" class=\"wpcf7-form-control wpcf7-text wpcf7-validates-as-required\" autocomplete=\"name\" aria-required=\"true\" aria-invalid=\"false\" value=\"\" type=\"text\" name=\"your-name\" \/><\/span> <\/label>\n<\/p>\n<p><label> Ihre E-Mail Adresse<br \/>\n<span class=\"wpcf7-form-control-wrap\" data-name=\"your-email\"><input size=\"40\" maxlength=\"400\" class=\"wpcf7-form-control wpcf7-email wpcf7-validates-as-required wpcf7-text wpcf7-validates-as-email\" autocomplete=\"email\" aria-required=\"true\" aria-invalid=\"false\" value=\"\" type=\"email\" name=\"your-email\" \/><\/span> <\/label>\n<\/p>\n<p><label> Betreff<br \/>\n<span class=\"wpcf7-form-control-wrap\" data-name=\"your-subject\"><input size=\"40\" maxlength=\"400\" class=\"wpcf7-form-control wpcf7-text wpcf7-validates-as-required\" aria-required=\"true\" aria-invalid=\"false\" value=\"\" type=\"text\" name=\"your-subject\" \/><\/span> <\/label>\n<\/p>\n<p><label> Ihre Nachtricht<br \/>\n<span class=\"wpcf7-form-control-wrap\" data-name=\"your-message\"><textarea cols=\"40\" rows=\"10\" maxlength=\"2000\" class=\"wpcf7-form-control wpcf7-textarea\" aria-invalid=\"false\" name=\"your-message\"><\/textarea><\/span> <\/label>\n<\/p>\n<p><input class=\"wpcf7-form-control wpcf7-submit has-spinner\" type=\"submit\" value=\"Senden\" \/>\n<\/p><div class=\"wpcf7-response-output\" aria-hidden=\"true\"><\/div>\n<\/form>\n<\/div>\n            <div class=\"btn-icon elementor-screen-only\">\r\n\t                        <\/div>\r\n\t\t<\/div>\r\n\r\n\t\t\t\t\t\t<\/div>\n\t\t\t\t<\/div>\n\t\t\t\t<\/div>\n\t\t\t\t\t<\/div>\n\t\t\t\t<\/div>\n\t\t\t\t<\/div>\n\t\t","protected":false},"excerpt":{"rendered":"<p>Lassen Sie uns \u00fcber das Wesentliche sprechen Ganz gleich, ob Sie mit fragmentierten Systemen konfrontiert sind, eine \u00dcbernahme vorbereiten oder einfach nur Klarheit vor Ihrem n\u00e4chsten Schritt ben\u00f6tigen \u2013 wir helfen Ihnen dabei, die richtigen Entscheidungen zu treffen, nicht nur schnelle. Keine Verkaufsgespr\u00e4che. Keine Plattformwerbung. Nur ein Gespr\u00e4ch, das sich an Ihren Zielen orientiert. Vereinbaren [&hellip;]<\/p>\n","protected":false},"author":1,"featured_media":0,"parent":0,"menu_order":0,"comment_status":"closed","ping_status":"closed","template":"elementor_header_footer","meta":{"footnotes":""},"class_list":["post-8561","page","type-page","status-publish","hentry"],"yoast_head":"<!-- This site is optimized with the Yoast SEO plugin v26.4 - https:\/\/yoast.com\/wordpress\/plugins\/seo\/ -->\n<title>Kontakt - dategro-it de<\/title>\n<meta name=\"robots\" content=\"index, follow, max-snippet:-1, max-image-preview:large, max-video-preview:-1\" \/>\n<link rel=\"canonical\" href=\"https:\/\/dategro-it.de\/de\/kontakt\/\" \/>\n<meta property=\"og:locale\" content=\"de_DE\" \/>\n<meta property=\"og:type\" content=\"article\" \/>\n<meta property=\"og:title\" content=\"Kontakt - dategro-it de\" \/>\n<meta property=\"og:description\" content=\"Lassen Sie uns \u00fcber das Wesentliche sprechen Ganz gleich, ob Sie mit fragmentierten Systemen konfrontiert sind, eine \u00dcbernahme vorbereiten oder einfach nur Klarheit vor Ihrem n\u00e4chsten Schritt ben\u00f6tigen \u2013 wir helfen Ihnen dabei, die richtigen Entscheidungen zu treffen, nicht nur schnelle. Keine Verkaufsgespr\u00e4che. Keine Plattformwerbung. Nur ein Gespr\u00e4ch, das sich an Ihren Zielen orientiert. Vereinbaren [&hellip;]\" \/>\n<meta property=\"og:url\" content=\"https:\/\/dategro-it.de\/de\/kontakt\/\" \/>\n<meta property=\"og:site_name\" content=\"dategro-it de\" \/>\n<meta property=\"article:modified_time\" content=\"2025-10-16T07:31:22+00:00\" \/>\n<meta name=\"twitter:card\" content=\"summary_large_image\" \/>\n<meta name=\"twitter:label1\" content=\"Gesch\u00e4tzte Lesezeit\" \/>\n\t<meta name=\"twitter:data1\" content=\"1\u00a0Minute\" \/>\n<script type=\"application\/ld+json\" class=\"yoast-schema-graph\">{\"@context\":\"https:\/\/schema.org\",\"@graph\":[{\"@type\":\"WebPage\",\"@id\":\"https:\/\/dategro-it.de\/de\/kontakt\/\",\"url\":\"https:\/\/dategro-it.de\/de\/kontakt\/\",\"name\":\"Kontakt - dategro-it de\",\"isPartOf\":{\"@id\":\"https:\/\/dategro-it.de\/de\/#website\"},\"datePublished\":\"2025-05-15T08:03:01+00:00\",\"dateModified\":\"2025-10-16T07:31:22+00:00\",\"breadcrumb\":{\"@id\":\"https:\/\/dategro-it.de\/de\/kontakt\/#breadcrumb\"},\"inLanguage\":\"de\",\"potentialAction\":[{\"@type\":\"ReadAction\",\"target\":[\"https:\/\/dategro-it.de\/de\/kontakt\/\"]}]},{\"@type\":\"BreadcrumbList\",\"@id\":\"https:\/\/dategro-it.de\/de\/kontakt\/#breadcrumb\",\"itemListElement\":[{\"@type\":\"ListItem\",\"position\":1,\"name\":\"Home\",\"item\":\"https:\/\/dategro-it.de\/de\/\"},{\"@type\":\"ListItem\",\"position\":2,\"name\":\"Kontakt\"}]},{\"@type\":\"WebSite\",\"@id\":\"https:\/\/dategro-it.de\/de\/#website\",\"url\":\"https:\/\/dategro-it.de\/de\/\",\"name\":\"dategro-it de\",\"description\":\"Smart IT Transformations for industrial leaders, investors and IT decision makers\",\"publisher\":{\"@id\":\"https:\/\/dategro-it.de\/de\/#organization\"},\"potentialAction\":[{\"@type\":\"SearchAction\",\"target\":{\"@type\":\"EntryPoint\",\"urlTemplate\":\"https:\/\/dategro-it.de\/de\/?s={search_term_string}\"},\"query-input\":{\"@type\":\"PropertyValueSpecification\",\"valueRequired\":true,\"valueName\":\"search_term_string\"}}],\"inLanguage\":\"de\"},{\"@type\":\"Organization\",\"@id\":\"https:\/\/dategro-it.de\/de\/#organization\",\"name\":\"dategro-it de\",\"url\":\"https:\/\/dategro-it.de\/de\/\",\"logo\":{\"@type\":\"ImageObject\",\"inLanguage\":\"de\",\"@id\":\"https:\/\/dategro-it.de\/de\/#\/schema\/logo\/image\/\",\"url\":\"https:\/\/dategro-it.de\/de\/wp-content\/uploads\/sites\/3\/2025\/04\/Dategro-Logo-RGB.svg\",\"contentUrl\":\"https:\/\/dategro-it.de\/de\/wp-content\/uploads\/sites\/3\/2025\/04\/Dategro-Logo-RGB.svg\",\"width\":1000,\"height\":176,\"caption\":\"dategro-it de\"},\"image\":{\"@id\":\"https:\/\/dategro-it.de\/de\/#\/schema\/logo\/image\/\"}}]}<\/script>\n<!-- \/ Yoast SEO plugin. -->","yoast_head_json":{"title":"Kontakt - dategro-it de","robots":{"index":"index","follow":"follow","max-snippet":"max-snippet:-1","max-image-preview":"max-image-preview:large","max-video-preview":"max-video-preview:-1"},"canonical":"https:\/\/dategro-it.de\/de\/kontakt\/","og_locale":"de_DE","og_type":"article","og_title":"Kontakt - dategro-it de","og_description":"Lassen Sie uns \u00fcber das Wesentliche sprechen Ganz gleich, ob Sie mit fragmentierten Systemen konfrontiert sind, eine \u00dcbernahme vorbereiten oder einfach nur Klarheit vor Ihrem n\u00e4chsten Schritt ben\u00f6tigen \u2013 wir helfen Ihnen dabei, die richtigen Entscheidungen zu treffen, nicht nur schnelle. Keine Verkaufsgespr\u00e4che. Keine Plattformwerbung. Nur ein Gespr\u00e4ch, das sich an Ihren Zielen orientiert. Vereinbaren [&hellip;]","og_url":"https:\/\/dategro-it.de\/de\/kontakt\/","og_site_name":"dategro-it de","article_modified_time":"2025-10-16T07:31:22+00:00","twitter_card":"summary_large_image","twitter_misc":{"Gesch\u00e4tzte Lesezeit":"1\u00a0Minute"},"schema":{"@context":"https:\/\/schema.org","@graph":[{"@type":"WebPage","@id":"https:\/\/dategro-it.de\/de\/kontakt\/","url":"https:\/\/dategro-it.de\/de\/kontakt\/","name":"Kontakt - dategro-it de","isPartOf":{"@id":"https:\/\/dategro-it.de\/de\/#website"},"datePublished":"2025-05-15T08:03:01+00:00","dateModified":"2025-10-16T07:31:22+00:00","breadcrumb":{"@id":"https:\/\/dategro-it.de\/de\/kontakt\/#breadcrumb"},"inLanguage":"de","potentialAction":[{"@type":"ReadAction","target":["https:\/\/dategro-it.de\/de\/kontakt\/"]}]},{"@type":"BreadcrumbList","@id":"https:\/\/dategro-it.de\/de\/kontakt\/#breadcrumb","itemListElement":[{"@type":"ListItem","position":1,"name":"Home","item":"https:\/\/dategro-it.de\/de\/"},{"@type":"ListItem","position":2,"name":"Kontakt"}]},{"@type":"WebSite","@id":"https:\/\/dategro-it.de\/de\/#website","url":"https:\/\/dategro-it.de\/de\/","name":"dategro-it de","description":"Smart IT Transformations for industrial leaders, investors and IT decision makers","publisher":{"@id":"https:\/\/dategro-it.de\/de\/#organization"},"potentialAction":[{"@type":"SearchAction","target":{"@type":"EntryPoint","urlTemplate":"https:\/\/dategro-it.de\/de\/?s={search_term_string}"},"query-input":{"@type":"PropertyValueSpecification","valueRequired":true,"valueName":"search_term_string"}}],"inLanguage":"de"},{"@type":"Organization","@id":"https:\/\/dategro-it.de\/de\/#organization","name":"dategro-it de","url":"https:\/\/dategro-it.de\/de\/","logo":{"@type":"ImageObject","inLanguage":"de","@id":"https:\/\/dategro-it.de\/de\/#\/schema\/logo\/image\/","url":"https:\/\/dategro-it.de\/de\/wp-content\/uploads\/sites\/3\/2025\/04\/Dategro-Logo-RGB.svg","contentUrl":"https:\/\/dategro-it.de\/de\/wp-content\/uploads\/sites\/3\/2025\/04\/Dategro-Logo-RGB.svg","width":1000,"height":176,"caption":"dategro-it de"},"image":{"@id":"https:\/\/dategro-it.de\/de\/#\/schema\/logo\/image\/"}}]}},"_links":{"self":[{"href":"https:\/\/dategro-it.de\/de\/wp-json\/wp\/v2\/pages\/8561","targetHints":{"allow":["GET"]}}],"collection":[{"href":"https:\/\/dategro-it.de\/de\/wp-json\/wp\/v2\/pages"}],"about":[{"href":"https:\/\/dategro-it.de\/de\/wp-json\/wp\/v2\/types\/page"}],"author":[{"embeddable":true,"href":"https:\/\/dategro-it.de\/de\/wp-json\/wp\/v2\/users\/1"}],"replies":[{"embeddable":true,"href":"https:\/\/dategro-it.de\/de\/wp-json\/wp\/v2\/comments?post=8561"}],"version-history":[{"count":25,"href":"https:\/\/dategro-it.de\/de\/wp-json\/wp\/v2\/pages\/8561\/revisions"}],"predecessor-version":[{"id":10053,"href":"https:\/\/dategro-it.de\/de\/wp-json\/wp\/v2\/pages\/8561\/revisions\/10053"}],"wp:attachment":[{"href":"https:\/\/dategro-it.de\/de\/wp-json\/wp\/v2\/media?parent=8561"}],"curies":[{"name":"wp","href":"https:\/\/api.w.org\/{rel}","templated":true}]}}