{"id":8546,"date":"2025-05-14T22:05:21","date_gmt":"2025-05-14T20:05:21","guid":{"rendered":"https:\/\/dategro-it.de\/?page_id=8546"},"modified":"2025-10-09T17:47:32","modified_gmt":"2025-10-09T15:47:32","slug":"imprint","status":"publish","type":"page","link":"https:\/\/dategro-it.de\/de\/imprint\/","title":{"rendered":"Impressum"},"content":{"rendered":"\t\t<div data-elementor-type=\"wp-page\" data-elementor-id=\"8546\" class=\"elementor elementor-8546\">\n\t\t\t\t<div class=\"elementor-element elementor-element-5a0e3943 e-flex e-con-boxed e-con e-parent\" data-id=\"5a0e3943\" data-element_type=\"container\" data-settings=\"{&quot;wcf_enable_cursor_hover_effect_text&quot;:&quot;View&quot;,&quot;wcf-animation&quot;:&quot;none&quot;}\">\n\t\t\t\t\t<div class=\"e-con-inner\">\n\t\t<div class=\"elementor-element elementor-element-5473a985 e-con-full e-flex e-con e-child\" data-id=\"5473a985\" data-element_type=\"container\" data-settings=\"{&quot;wcf_enable_cursor_hover_effect_text&quot;:&quot;View&quot;,&quot;wcf-animation&quot;:&quot;none&quot;}\">\n\t\t\t\t<div class=\"elementor-element elementor-element-5e4fe284 elementor-widget__width-inherit wcf-t-animation-none elementor-widget elementor-widget-wcf--title\" data-id=\"5e4fe284\" data-element_type=\"widget\" data-settings=\"{&quot;wcf-animation&quot;:&quot;fade&quot;,&quot;data-duration&quot;:&quot;0.75&quot;,&quot;fade-offset&quot;:&quot;40&quot;,&quot;wcf_text_animation&quot;:&quot;none&quot;,&quot;delay&quot;:0.15,&quot;fade-from&quot;:&quot;bottom&quot;,&quot;ease&quot;:&quot;power2.out&quot;}\" data-widget_type=\"wcf--title.default\">\n\t\t\t\t<div class=\"elementor-widget-container\">\n\t\t\t\t\t<h2 class=\"wcf--title\"><span class=\"highlight\">Impressum<\/span><\/h2>\t\t\t\t<\/div>\n\t\t\t\t<\/div>\n\t\t\t\t<\/div>\n\t\t<div class=\"elementor-element elementor-element-8abcae1 e-con-full e-flex e-con e-child\" data-id=\"8abcae1\" data-element_type=\"container\" data-settings=\"{&quot;wcf_enable_cursor_hover_effect_text&quot;:&quot;View&quot;,&quot;wcf-animation&quot;:&quot;none&quot;}\">\n\t\t<div class=\"elementor-element elementor-element-2c7c0740 e-con-full e-flex e-con e-child\" data-id=\"2c7c0740\" data-element_type=\"container\" data-settings=\"{&quot;wcf_enable_cursor_hover_effect_text&quot;:&quot;View&quot;,&quot;wcf-animation&quot;:&quot;fade&quot;,&quot;data-duration&quot;:&quot;0.75&quot;,&quot;fade-offset&quot;:&quot;40&quot;,&quot;delay&quot;:0.15,&quot;on-scroll&quot;:1,&quot;fade-from&quot;:&quot;bottom&quot;,&quot;ease&quot;:&quot;power2.out&quot;}\">\n\t\t\t\t<\/div>\n\t\t\t\t<\/div>\n\t\t\t\t\t<\/div>\n\t\t\t\t<\/div>\n\t\t<div class=\"elementor-element elementor-element-305c448 e-flex e-con-boxed e-con e-parent\" data-id=\"305c448\" data-element_type=\"container\" data-settings=\"{&quot;wcf_enable_cursor_hover_effect_text&quot;:&quot;View&quot;,&quot;wcf-animation&quot;:&quot;none&quot;}\">\n\t\t\t\t\t<div class=\"e-con-inner\">\n\t\t<div class=\"elementor-element elementor-element-5a821c0e e-con-full e-flex e-con e-child\" data-id=\"5a821c0e\" data-element_type=\"container\" data-settings=\"{&quot;wcf_enable_cursor_hover_effect_text&quot;:&quot;View&quot;,&quot;wcf-animation&quot;:&quot;none&quot;}\">\n\t\t\t\t<\/div>\n\t\t<div class=\"elementor-element elementor-element-4f374725 e-con-full e-flex e-con e-child\" data-id=\"4f374725\" data-element_type=\"container\" data-settings=\"{&quot;wcf_enable_cursor_hover_effect_text&quot;:&quot;View&quot;,&quot;wcf-animation&quot;:&quot;none&quot;}\">\n\t\t\t\t<div class=\"elementor-element elementor-element-29c3fc3 wcf-t-animation-none elementor-widget elementor-widget-text-editor\" data-id=\"29c3fc3\" data-element_type=\"widget\" data-settings=\"{&quot;wcf_text_animation&quot;:&quot;none&quot;,&quot;wcf-animation&quot;:&quot;none&quot;}\" data-widget_type=\"text-editor.default\">\n\t\t\t\t<div class=\"elementor-widget-container\">\n\t\t\t\t\t\t\t\t\t<p>dategro IT-Entwicklungsgesellschaft f\u00fcr Unternehmenstransformation mbh &amp; Co. KG<br>In der Gelpe 79<br>42349 Wuppertal<br>Deutschland<\/p><p><br><\/p>\n<p><\/p>\n<p>E-Mail:&nbsp;contact@dategro-it.de<br>Telefon: 0202 430 427 20<\/p><p><br><\/p>\n<p>Registergericht: Amtsgericht Wuppertal<br>Registernummer: HRA 25405<\/p><p><br><\/p>\n<p>Gesch\u00e4ftsf\u00fchrer: J\u00fcrgen Weinrich, Christian Fastenrath<\/p>\n<p>Umsatzsteuer-Identifikationsnummer gem\u00e4\u00df \u00a7 27 a Umsatzsteuergesetz: DE 349919584<\/p>\t\t\t\t\t\t\t\t<\/div>\n\t\t\t\t<\/div>\n\t\t\t\t<\/div>\n\t\t\t\t\t<\/div>\n\t\t\t\t<\/div>\n\t\t\t\t<\/div>\n\t\t","protected":false},"excerpt":{"rendered":"<p>Impressum dategro IT-Entwicklungsgesellschaft f\u00fcr Unternehmenstransformation mbh &amp; Co. KG In der Gelpe 79 42349 Wuppertal Deutschland &nbsp; E-Mail:\u00a0contact@dategro-it.de Telefon: 0202 430 427 20 &nbsp; Registergericht: Amtsgericht Wuppertal Registernummer: HRA 25405 &nbsp; Gesch\u00e4ftsf\u00fchrer: J\u00fcrgen Weinrich, Christian Fastenrath Umsatzsteuer-Identifikationsnummer gem\u00e4\u00df \u00a7 27 a Umsatzsteuergesetz: DE 349919584<\/p>\n","protected":false},"author":1,"featured_media":0,"parent":0,"menu_order":0,"comment_status":"closed","ping_status":"closed","template":"elementor_header_footer","meta":{"footnotes":""},"class_list":["post-8546","page","type-page","status-publish","hentry"],"yoast_head":"<!-- This site is optimized with the Yoast SEO plugin v26.4 - https:\/\/yoast.com\/wordpress\/plugins\/seo\/ -->\n<title>Impressum - dategro-it de<\/title>\n<meta name=\"robots\" content=\"index, follow, max-snippet:-1, max-image-preview:large, max-video-preview:-1\" \/>\n<link rel=\"canonical\" href=\"https:\/\/dategro-it.de\/de\/imprint\/\" \/>\n<meta property=\"og:locale\" content=\"de_DE\" \/>\n<meta property=\"og:type\" content=\"article\" \/>\n<meta property=\"og:title\" content=\"Impressum - dategro-it de\" \/>\n<meta property=\"og:description\" content=\"Impressum dategro IT-Entwicklungsgesellschaft f\u00fcr Unternehmenstransformation mbh &amp; Co. KG In der Gelpe 79 42349 Wuppertal Deutschland &nbsp; E-Mail:\u00a0contact@dategro-it.de Telefon: 0202 430 427 20 &nbsp; Registergericht: Amtsgericht Wuppertal Registernummer: HRA 25405 &nbsp; Gesch\u00e4ftsf\u00fchrer: J\u00fcrgen Weinrich, Christian Fastenrath Umsatzsteuer-Identifikationsnummer gem\u00e4\u00df \u00a7 27 a Umsatzsteuergesetz: DE 349919584\" \/>\n<meta property=\"og:url\" content=\"https:\/\/dategro-it.de\/de\/imprint\/\" \/>\n<meta property=\"og:site_name\" content=\"dategro-it de\" \/>\n<meta property=\"article:modified_time\" content=\"2025-10-09T15:47:32+00:00\" \/>\n<meta name=\"twitter:card\" content=\"summary_large_image\" \/>\n<meta name=\"twitter:label1\" content=\"Gesch\u00e4tzte Lesezeit\" \/>\n\t<meta name=\"twitter:data1\" content=\"1\u00a0Minute\" \/>\n<script type=\"application\/ld+json\" class=\"yoast-schema-graph\">{\"@context\":\"https:\/\/schema.org\",\"@graph\":[{\"@type\":\"WebPage\",\"@id\":\"https:\/\/dategro-it.de\/de\/imprint\/\",\"url\":\"https:\/\/dategro-it.de\/de\/imprint\/\",\"name\":\"Impressum - dategro-it de\",\"isPartOf\":{\"@id\":\"https:\/\/dategro-it.de\/de\/#website\"},\"datePublished\":\"2025-05-14T20:05:21+00:00\",\"dateModified\":\"2025-10-09T15:47:32+00:00\",\"breadcrumb\":{\"@id\":\"https:\/\/dategro-it.de\/de\/imprint\/#breadcrumb\"},\"inLanguage\":\"de\",\"potentialAction\":[{\"@type\":\"ReadAction\",\"target\":[\"https:\/\/dategro-it.de\/de\/imprint\/\"]}]},{\"@type\":\"BreadcrumbList\",\"@id\":\"https:\/\/dategro-it.de\/de\/imprint\/#breadcrumb\",\"itemListElement\":[{\"@type\":\"ListItem\",\"position\":1,\"name\":\"Home\",\"item\":\"https:\/\/dategro-it.de\/de\/\"},{\"@type\":\"ListItem\",\"position\":2,\"name\":\"Impressum\"}]},{\"@type\":\"WebSite\",\"@id\":\"https:\/\/dategro-it.de\/de\/#website\",\"url\":\"https:\/\/dategro-it.de\/de\/\",\"name\":\"dategro-it de\",\"description\":\"Smart IT Transformations for industrial leaders, investors and IT decision makers\",\"publisher\":{\"@id\":\"https:\/\/dategro-it.de\/de\/#organization\"},\"potentialAction\":[{\"@type\":\"SearchAction\",\"target\":{\"@type\":\"EntryPoint\",\"urlTemplate\":\"https:\/\/dategro-it.de\/de\/?s={search_term_string}\"},\"query-input\":{\"@type\":\"PropertyValueSpecification\",\"valueRequired\":true,\"valueName\":\"search_term_string\"}}],\"inLanguage\":\"de\"},{\"@type\":\"Organization\",\"@id\":\"https:\/\/dategro-it.de\/de\/#organization\",\"name\":\"dategro-it de\",\"url\":\"https:\/\/dategro-it.de\/de\/\",\"logo\":{\"@type\":\"ImageObject\",\"inLanguage\":\"de\",\"@id\":\"https:\/\/dategro-it.de\/de\/#\/schema\/logo\/image\/\",\"url\":\"https:\/\/dategro-it.de\/de\/wp-content\/uploads\/sites\/3\/2025\/04\/Dategro-Logo-RGB.svg\",\"contentUrl\":\"https:\/\/dategro-it.de\/de\/wp-content\/uploads\/sites\/3\/2025\/04\/Dategro-Logo-RGB.svg\",\"width\":1000,\"height\":176,\"caption\":\"dategro-it de\"},\"image\":{\"@id\":\"https:\/\/dategro-it.de\/de\/#\/schema\/logo\/image\/\"}}]}<\/script>\n<!-- \/ Yoast SEO plugin. -->","yoast_head_json":{"title":"Impressum - dategro-it de","robots":{"index":"index","follow":"follow","max-snippet":"max-snippet:-1","max-image-preview":"max-image-preview:large","max-video-preview":"max-video-preview:-1"},"canonical":"https:\/\/dategro-it.de\/de\/imprint\/","og_locale":"de_DE","og_type":"article","og_title":"Impressum - dategro-it de","og_description":"Impressum dategro IT-Entwicklungsgesellschaft f\u00fcr Unternehmenstransformation mbh &amp; Co. KG In der Gelpe 79 42349 Wuppertal Deutschland &nbsp; E-Mail:\u00a0contact@dategro-it.de Telefon: 0202 430 427 20 &nbsp; Registergericht: Amtsgericht Wuppertal Registernummer: HRA 25405 &nbsp; Gesch\u00e4ftsf\u00fchrer: J\u00fcrgen Weinrich, Christian Fastenrath Umsatzsteuer-Identifikationsnummer gem\u00e4\u00df \u00a7 27 a Umsatzsteuergesetz: DE 349919584","og_url":"https:\/\/dategro-it.de\/de\/imprint\/","og_site_name":"dategro-it de","article_modified_time":"2025-10-09T15:47:32+00:00","twitter_card":"summary_large_image","twitter_misc":{"Gesch\u00e4tzte Lesezeit":"1\u00a0Minute"},"schema":{"@context":"https:\/\/schema.org","@graph":[{"@type":"WebPage","@id":"https:\/\/dategro-it.de\/de\/imprint\/","url":"https:\/\/dategro-it.de\/de\/imprint\/","name":"Impressum - dategro-it de","isPartOf":{"@id":"https:\/\/dategro-it.de\/de\/#website"},"datePublished":"2025-05-14T20:05:21+00:00","dateModified":"2025-10-09T15:47:32+00:00","breadcrumb":{"@id":"https:\/\/dategro-it.de\/de\/imprint\/#breadcrumb"},"inLanguage":"de","potentialAction":[{"@type":"ReadAction","target":["https:\/\/dategro-it.de\/de\/imprint\/"]}]},{"@type":"BreadcrumbList","@id":"https:\/\/dategro-it.de\/de\/imprint\/#breadcrumb","itemListElement":[{"@type":"ListItem","position":1,"name":"Home","item":"https:\/\/dategro-it.de\/de\/"},{"@type":"ListItem","position":2,"name":"Impressum"}]},{"@type":"WebSite","@id":"https:\/\/dategro-it.de\/de\/#website","url":"https:\/\/dategro-it.de\/de\/","name":"dategro-it de","description":"Smart IT Transformations for industrial leaders, investors and IT decision makers","publisher":{"@id":"https:\/\/dategro-it.de\/de\/#organization"},"potentialAction":[{"@type":"SearchAction","target":{"@type":"EntryPoint","urlTemplate":"https:\/\/dategro-it.de\/de\/?s={search_term_string}"},"query-input":{"@type":"PropertyValueSpecification","valueRequired":true,"valueName":"search_term_string"}}],"inLanguage":"de"},{"@type":"Organization","@id":"https:\/\/dategro-it.de\/de\/#organization","name":"dategro-it de","url":"https:\/\/dategro-it.de\/de\/","logo":{"@type":"ImageObject","inLanguage":"de","@id":"https:\/\/dategro-it.de\/de\/#\/schema\/logo\/image\/","url":"https:\/\/dategro-it.de\/de\/wp-content\/uploads\/sites\/3\/2025\/04\/Dategro-Logo-RGB.svg","contentUrl":"https:\/\/dategro-it.de\/de\/wp-content\/uploads\/sites\/3\/2025\/04\/Dategro-Logo-RGB.svg","width":1000,"height":176,"caption":"dategro-it de"},"image":{"@id":"https:\/\/dategro-it.de\/de\/#\/schema\/logo\/image\/"}}]}},"_links":{"self":[{"href":"https:\/\/dategro-it.de\/de\/wp-json\/wp\/v2\/pages\/8546","targetHints":{"allow":["GET"]}}],"collection":[{"href":"https:\/\/dategro-it.de\/de\/wp-json\/wp\/v2\/pages"}],"about":[{"href":"https:\/\/dategro-it.de\/de\/wp-json\/wp\/v2\/types\/page"}],"author":[{"embeddable":true,"href":"https:\/\/dategro-it.de\/de\/wp-json\/wp\/v2\/users\/1"}],"replies":[{"embeddable":true,"href":"https:\/\/dategro-it.de\/de\/wp-json\/wp\/v2\/comments?post=8546"}],"version-history":[{"count":11,"href":"https:\/\/dategro-it.de\/de\/wp-json\/wp\/v2\/pages\/8546\/revisions"}],"predecessor-version":[{"id":9921,"href":"https:\/\/dategro-it.de\/de\/wp-json\/wp\/v2\/pages\/8546\/revisions\/9921"}],"wp:attachment":[{"href":"https:\/\/dategro-it.de\/de\/wp-json\/wp\/v2\/media?parent=8546"}],"curies":[{"name":"wp","href":"https:\/\/api.w.org\/{rel}","templated":true}]}}